{"id":407,"date":"2024-05-10T08:47:17","date_gmt":"2024-05-10T08:47:17","guid":{"rendered":"https:\/\/basilicaconcepcion.es\/?page_id=407"},"modified":"2025-12-03T13:27:41","modified_gmt":"2025-12-03T13:27:41","slug":"cineforum","status":"publish","type":"page","link":"https:\/\/basilicaconcepcion.es\/index.php\/cineforum\/","title":{"rendered":"Cineforum"},"content":{"rendered":"<p>[et_pb_section fb_built=\u00bb1&#8243; admin_label=\u00bbHeader\u00bb _builder_version=\u00bb4.25.1&#8243; _module_preset=\u00bbdefault\u00bb use_background_color_gradient=\u00bbon\u00bb background_color_gradient_stops=\u00bbrgba(0,0,0,0.5) 0%|rgba(0,0,0,0.18) 100%\u00bb background_color_gradient_overlays_image=\u00bbon\u00bb background_image=\u00bbhttps:\/\/basilicaconcepcion.es\/wp-content\/uploads\/2024\/05\/Cineforum.png\u00bb custom_padding=\u00bb3vw||3vw||true|false\u00bb collapsed=\u00bboff\u00bb global_colors_info=\u00bb{}\u00bb][et_pb_row _builder_version=\u00bb4.20.0&#8243; _module_preset=\u00bbdefault\u00bb global_colors_info=\u00bb{}\u00bb][et_pb_column type=\u00bb4_4&#8243; _builder_version=\u00bb4.20.0&#8243; _module_preset=\u00bbdefault\u00bb global_colors_info=\u00bb{}\u00bb][et_pb_text _builder_version=\u00bb4.25.1&#8243; _module_preset=\u00bb89b47a2b-3bb2-4919-85b2-8f5d1a04fc39&#8243; header_text_color=\u00bb#FFFFFF\u00bb text_orientation=\u00bbcenter\u00bb global_colors_info=\u00bb{}\u00bb]<\/p>\n<h1 style=\"text-align: right;\">cine forum<\/h1>\n<p>[\/et_pb_text][\/et_pb_column][\/et_pb_row][et_pb_row _builder_version=\u00bb4.27.0&#8243; _module_preset=\u00bbdefault\u00bb global_colors_info=\u00bb{}\u00bb][et_pb_column type=\u00bb4_4&#8243; _builder_version=\u00bb4.27.0&#8243; _module_preset=\u00bbdefault\u00bb global_colors_info=\u00bb{}\u00bb][\/et_pb_column][\/et_pb_row][\/et_pb_section][et_pb_section fb_built=\u00bb1&#8243; admin_label=\u00bbServices\u00bb _builder_version=\u00bb4.20.0&#8243; _module_preset=\u00bbdefault\u00bb collapsed=\u00bbon\u00bb global_colors_info=\u00bb{}\u00bb][et_pb_row custom_padding_last_edited=\u00bbon|tablet\u00bb _builder_version=\u00bb4.25.0&#8243; _module_preset=\u00bbdefault\u00bb background_color=\u00bb#efefef\u00bb min_height=\u00bb816.5px\u00bb custom_margin=\u00bb|auto|-255px|auto||\u00bb custom_padding=\u00bb5px|5px|0px|5px|false|false\u00bb custom_padding_tablet=\u00bb||0px||false|false\u00bb custom_padding_phone=\u00bb||0px||false|false\u00bb saved_tabs=\u00bball\u00bb collapsed=\u00bbon\u00bb global_colors_info=\u00bb{}\u00bb][et_pb_column type=\u00bb4_4&#8243; _builder_version=\u00bb4.20.0&#8243; _module_preset=\u00bbdefault\u00bb background_color=\u00bbRGBA(255,255,255,0)\u00bb link_option_url=\u00bb#\u00bb box_shadow_style=\u00bbpreset4&#8243; box_shadow_horizontal=\u00bb0px\u00bb box_shadow_vertical=\u00bb0px\u00bb box_shadow_color=\u00bb#F9F9F9&#8243; global_colors_info=\u00bb{}\u00bb background__hover_enabled=\u00bbon|desktop\u00bb box_shadow_spread__hover_enabled=\u00bbon|hover\u00bb box_shadow_spread__hover=\u00bb20px\u00bb background_color__hover=\u00bb#F9F9F9&#8243; background_enable_color__hover=\u00bbon\u00bb][et_pb_image src=\u00bbhttps:\/\/basilicaconcepcion.es\/wp-content\/uploads\/2024\/04\/photographer-icon-03.png\u00bb title_text=\u00bbphotographer-icon-03&#8243; _builder_version=\u00bb4.20.0&#8243; _module_preset=\u00bbdefault\u00bb global_colors_info=\u00bb{}\u00bb][\/et_pb_image][et_pb_blog fullwidth=\u00bboff\u00bb posts_number=\u00bb6&#8243; include_categories=\u00bb9&#8243; show_author=\u00bboff\u00bb show_content_tablet=\u00bb\u00bb show_content_phone=\u00bb\u00bb show_content_last_edited=\u00bbon|desktop\u00bb _builder_version=\u00bb4.27.4&#8243; _module_preset=\u00bbdefault\u00bb custom_margin=\u00bb||530px|||\u00bb global_colors_info=\u00bb{}\u00bb][\/et_pb_blog][\/et_pb_column][\/et_pb_row][et_pb_row _builder_version=\u00bb4.25.0&#8243; _module_preset=\u00bbdefault\u00bb collapsed=\u00bbon\u00bb global_colors_info=\u00bb{}\u00bb][et_pb_column type=\u00bb4_4&#8243; _builder_version=\u00bb4.25.0&#8243; _module_preset=\u00bbdefault\u00bb global_colors_info=\u00bb{}\u00bb][et_pb_divider color=\u00bb#000000&#8243; _builder_version=\u00bb4.25.0&#8243; _module_preset=\u00bbdefault\u00bb global_colors_info=\u00bb{}\u00bb][\/et_pb_divider][\/et_pb_column][\/et_pb_row][\/et_pb_section][et_pb_section fb_built=\u00bb1&#8243; admin_label=\u00bbCall to Action\u00bb _builder_version=\u00bb4.25.0&#8243; _module_preset=\u00bbdefault\u00bb use_background_color_gradient=\u00bbon\u00bb background_color_gradient_stops=\u00bb#280202 0%|rgba(0,0,0,0.51) 100%\u00bb background_image=\u00bbhttps:\/\/basilicaconcepcion.es\/wp-content\/uploads\/2024\/05\/Fondo_Techo.jpg\u00bb custom_padding=\u00bb4vw||4vw||true|false\u00bb background_last_edited=\u00bboff|desktop\u00bb background_position_tablet=\u00bbcenter\u00bb background_position_phone=\u00bbcenter\u00bb collapsed=\u00bbon\u00bb global_colors_info=\u00bb{}\u00bb][et_pb_row custom_padding_last_edited=\u00bbon|tablet\u00bb _builder_version=\u00bb4.20.0&#8243; _module_preset=\u00bbdefault\u00bb custom_padding=\u00bb|120px||120px|false|true\u00bb custom_padding_tablet=\u00bb|8%||8%|false|true\u00bb custom_padding_phone=\u00bb||||false|false\u00bb global_colors_info=\u00bb{}\u00bb][et_pb_column type=\u00bb4_4&#8243; _builder_version=\u00bb4.20.0&#8243; _module_preset=\u00bbdefault\u00bb global_colors_info=\u00bb{}\u00bb][et_pb_text _builder_version=\u00bb4.25.1&#8243; _module_preset=\u00bba81d567d-3505-4e60-8ca9-9dac255a6b7d\u00bb text_text_color=\u00bb#FFFFFF\u00bb text_orientation=\u00bbcenter\u00bb background_layout=\u00bbdark\u00bb custom_margin=\u00bb||10px||false|false\u00bb global_colors_info=\u00bb{}\u00bb]<\/p>\n<h2>Bas\u00edlica Concepci\u00f3n de Nuestra Se\u00f1ora<\/h2>\n<p>[\/et_pb_text][\/et_pb_column][\/et_pb_row][\/et_pb_section]<\/p>\n","protected":false},"excerpt":{"rendered":"<p>cine forumBas\u00edlica Concepci\u00f3n de Nuestra Se\u00f1ora<\/p>\n","protected":false},"author":2,"featured_media":0,"parent":0,"menu_order":0,"comment_status":"closed","ping_status":"closed","template":"","meta":{"_et_pb_use_builder":"on","_et_pb_old_content":"","_et_gb_content_width":"","footnotes":""},"class_list":["post-407","page","type-page","status-publish","hentry"],"yoast_head":"<!-- This site is optimized with the Yoast SEO plugin v26.5 - https:\/\/yoast.com\/wordpress\/plugins\/seo\/ -->\n<title>Cineforum - Bas\u00edlica de la Concepci\u00f3n<\/title>\n<meta name=\"robots\" content=\"index, follow, max-snippet:-1, max-image-preview:large, max-video-preview:-1\" \/>\n<link rel=\"canonical\" href=\"https:\/\/basilicaconcepcion.es\/index.php\/cineforum\/\" \/>\n<meta property=\"og:locale\" content=\"es_ES\" \/>\n<meta property=\"og:type\" content=\"article\" \/>\n<meta property=\"og:title\" content=\"Cineforum - Bas\u00edlica de la Concepci\u00f3n\" \/>\n<meta property=\"og:description\" content=\"cine forumBas\u00edlica Concepci\u00f3n de Nuestra Se\u00f1ora\" \/>\n<meta property=\"og:url\" content=\"https:\/\/basilicaconcepcion.es\/index.php\/cineforum\/\" \/>\n<meta property=\"og:site_name\" content=\"Bas\u00edlica de la Concepci\u00f3n\" \/>\n<meta property=\"article:modified_time\" content=\"2025-12-03T13:27:41+00:00\" \/>\n<meta name=\"twitter:card\" content=\"summary_large_image\" \/>\n<meta name=\"twitter:label1\" content=\"Tiempo de lectura\" \/>\n\t<meta name=\"twitter:data1\" content=\"2 minutos\" \/>\n<script type=\"application\/ld+json\" class=\"yoast-schema-graph\">{\"@context\":\"https:\/\/schema.org\",\"@graph\":[{\"@type\":\"WebPage\",\"@id\":\"https:\/\/basilicaconcepcion.es\/index.php\/cineforum\/\",\"url\":\"https:\/\/basilicaconcepcion.es\/index.php\/cineforum\/\",\"name\":\"Cineforum - Bas\u00edlica de la Concepci\u00f3n\",\"isPartOf\":{\"@id\":\"https:\/\/basilicaconcepcion.es\/#website\"},\"datePublished\":\"2024-05-10T08:47:17+00:00\",\"dateModified\":\"2025-12-03T13:27:41+00:00\",\"breadcrumb\":{\"@id\":\"https:\/\/basilicaconcepcion.es\/index.php\/cineforum\/#breadcrumb\"},\"inLanguage\":\"es\",\"potentialAction\":[{\"@type\":\"ReadAction\",\"target\":[\"https:\/\/basilicaconcepcion.es\/index.php\/cineforum\/\"]}]},{\"@type\":\"BreadcrumbList\",\"@id\":\"https:\/\/basilicaconcepcion.es\/index.php\/cineforum\/#breadcrumb\",\"itemListElement\":[{\"@type\":\"ListItem\",\"position\":1,\"name\":\"Portada\",\"item\":\"https:\/\/basilicaconcepcion.es\/\"},{\"@type\":\"ListItem\",\"position\":2,\"name\":\"Cineforum\"}]},{\"@type\":\"WebSite\",\"@id\":\"https:\/\/basilicaconcepcion.es\/#website\",\"url\":\"https:\/\/basilicaconcepcion.es\/\",\"name\":\"Bas\u00edlica de la Concepci\u00f3n\",\"description\":\"\",\"potentialAction\":[{\"@type\":\"SearchAction\",\"target\":{\"@type\":\"EntryPoint\",\"urlTemplate\":\"https:\/\/basilicaconcepcion.es\/?s={search_term_string}\"},\"query-input\":{\"@type\":\"PropertyValueSpecification\",\"valueRequired\":true,\"valueName\":\"search_term_string\"}}],\"inLanguage\":\"es\"}]}<\/script>\n<!-- \/ Yoast SEO plugin. -->","yoast_head_json":{"title":"Cineforum - Bas\u00edlica de la Concepci\u00f3n","robots":{"index":"index","follow":"follow","max-snippet":"max-snippet:-1","max-image-preview":"max-image-preview:large","max-video-preview":"max-video-preview:-1"},"canonical":"https:\/\/basilicaconcepcion.es\/index.php\/cineforum\/","og_locale":"es_ES","og_type":"article","og_title":"Cineforum - Bas\u00edlica de la Concepci\u00f3n","og_description":"cine forumBas\u00edlica Concepci\u00f3n de Nuestra Se\u00f1ora","og_url":"https:\/\/basilicaconcepcion.es\/index.php\/cineforum\/","og_site_name":"Bas\u00edlica de la Concepci\u00f3n","article_modified_time":"2025-12-03T13:27:41+00:00","twitter_card":"summary_large_image","twitter_misc":{"Tiempo de lectura":"2 minutos"},"schema":{"@context":"https:\/\/schema.org","@graph":[{"@type":"WebPage","@id":"https:\/\/basilicaconcepcion.es\/index.php\/cineforum\/","url":"https:\/\/basilicaconcepcion.es\/index.php\/cineforum\/","name":"Cineforum - Bas\u00edlica de la Concepci\u00f3n","isPartOf":{"@id":"https:\/\/basilicaconcepcion.es\/#website"},"datePublished":"2024-05-10T08:47:17+00:00","dateModified":"2025-12-03T13:27:41+00:00","breadcrumb":{"@id":"https:\/\/basilicaconcepcion.es\/index.php\/cineforum\/#breadcrumb"},"inLanguage":"es","potentialAction":[{"@type":"ReadAction","target":["https:\/\/basilicaconcepcion.es\/index.php\/cineforum\/"]}]},{"@type":"BreadcrumbList","@id":"https:\/\/basilicaconcepcion.es\/index.php\/cineforum\/#breadcrumb","itemListElement":[{"@type":"ListItem","position":1,"name":"Portada","item":"https:\/\/basilicaconcepcion.es\/"},{"@type":"ListItem","position":2,"name":"Cineforum"}]},{"@type":"WebSite","@id":"https:\/\/basilicaconcepcion.es\/#website","url":"https:\/\/basilicaconcepcion.es\/","name":"Bas\u00edlica de la Concepci\u00f3n","description":"","potentialAction":[{"@type":"SearchAction","target":{"@type":"EntryPoint","urlTemplate":"https:\/\/basilicaconcepcion.es\/?s={search_term_string}"},"query-input":{"@type":"PropertyValueSpecification","valueRequired":true,"valueName":"search_term_string"}}],"inLanguage":"es"}]}},"_links":{"self":[{"href":"https:\/\/basilicaconcepcion.es\/index.php\/wp-json\/wp\/v2\/pages\/407","targetHints":{"allow":["GET"]}}],"collection":[{"href":"https:\/\/basilicaconcepcion.es\/index.php\/wp-json\/wp\/v2\/pages"}],"about":[{"href":"https:\/\/basilicaconcepcion.es\/index.php\/wp-json\/wp\/v2\/types\/page"}],"author":[{"embeddable":true,"href":"https:\/\/basilicaconcepcion.es\/index.php\/wp-json\/wp\/v2\/users\/2"}],"replies":[{"embeddable":true,"href":"https:\/\/basilicaconcepcion.es\/index.php\/wp-json\/wp\/v2\/comments?post=407"}],"version-history":[{"count":11,"href":"https:\/\/basilicaconcepcion.es\/index.php\/wp-json\/wp\/v2\/pages\/407\/revisions"}],"predecessor-version":[{"id":6113,"href":"https:\/\/basilicaconcepcion.es\/index.php\/wp-json\/wp\/v2\/pages\/407\/revisions\/6113"}],"wp:attachment":[{"href":"https:\/\/basilicaconcepcion.es\/index.php\/wp-json\/wp\/v2\/media?parent=407"}],"curies":[{"name":"wp","href":"https:\/\/api.w.org\/{rel}","templated":true}]}}