{"id":403,"date":"2024-05-10T08:41:58","date_gmt":"2024-05-10T08:41:58","guid":{"rendered":"https:\/\/basilicaconcepcion.es\/?page_id=403"},"modified":"2024-11-11T07:08:20","modified_gmt":"2024-11-11T07:08:20","slug":"sacramentos","status":"publish","type":"page","link":"https:\/\/basilicaconcepcion.es\/index.php\/sacramentos\/","title":{"rendered":"Agenda"},"content":{"rendered":"<p>[et_pb_section fb_built=\u00bb1&#8243; admin_label=\u00bbHeader\u00bb _builder_version=\u00bb4.25.0&#8243; _module_preset=\u00bbdefault\u00bb use_background_color_gradient=\u00bbon\u00bb background_color_gradient_stops=\u00bbrgba(0,0,0,0.5) 0%|rgba(0,0,0,0.18) 100%\u00bb background_color_gradient_overlays_image=\u00bbon\u00bb background_image=\u00bbhttps:\/\/basilicaconcepcion.es\/wp-content\/uploads\/2024\/05\/Fondo_Parroquia.jpg\u00bb custom_padding=\u00bb3vw||3vw||true|false\u00bb collapsed=\u00bboff\u00bb global_colors_info=\u00bb{}\u00bb][et_pb_row _builder_version=\u00bb4.20.0&#8243; _module_preset=\u00bbdefault\u00bb global_colors_info=\u00bb{}\u00bb][et_pb_column type=\u00bb4_4&#8243; _builder_version=\u00bb4.20.0&#8243; _module_preset=\u00bbdefault\u00bb global_colors_info=\u00bb{}\u00bb][et_pb_text _builder_version=\u00bb4.25.1&#8243; _module_preset=\u00bb89b47a2b-3bb2-4919-85b2-8f5d1a04fc39&#8243; header_text_color=\u00bb#FFFFFF\u00bb text_orientation=\u00bbcenter\u00bb global_colors_info=\u00bb{}\u00bb]<\/p>\n<h1 style=\"text-align: right;\">AGENDA<\/h1>\n<p>[\/et_pb_text][\/et_pb_column][\/et_pb_row][\/et_pb_section][et_pb_section fb_built=\u00bb1&#8243; admin_label=\u00bbServices\u00bb _builder_version=\u00bb4.20.0&#8243; _module_preset=\u00bbdefault\u00bb collapsed=\u00bbon\u00bb global_colors_info=\u00bb{}\u00bb][et_pb_row _builder_version=\u00bb4.25.0&#8243; _module_preset=\u00bbdefault\u00bb collapsed=\u00bbon\u00bb global_colors_info=\u00bb{}\u00bb][et_pb_column type=\u00bb4_4&#8243; _builder_version=\u00bb4.25.0&#8243; _module_preset=\u00bbdefault\u00bb global_colors_info=\u00bb{}\u00bb][et_pb_divider color=\u00bb#000000&#8243; _builder_version=\u00bb4.25.0&#8243; _module_preset=\u00bbdefault\u00bb global_colors_info=\u00bb{}\u00bb][\/et_pb_divider][\/et_pb_column][\/et_pb_row][et_pb_row _builder_version=\u00bb4.27.0&#8243; _module_preset=\u00bbdefault\u00bb global_colors_info=\u00bb{}\u00bb][et_pb_column type=\u00bb4_4&#8243; _builder_version=\u00bb4.27.0&#8243; _module_preset=\u00bbdefault\u00bb global_colors_info=\u00bb{}\u00bb][et_pb_image src=\u00bbhttps:\/\/basilicaconcepcion.es\/wp-content\/uploads\/2024\/09\/Agenda_parroquial_24-25.png\u00bb title_text=\u00bbAgenda_parroquial_24-25&#8243; url=\u00bbhttps:\/\/basilicaconcepcion.es\/wp-content\/uploads\/2024\/09\/Agenda_parroquial_24-25_1.pdf\u00bb url_new_window=\u00bbon\u00bb align=\u00bbcenter\u00bb _builder_version=\u00bb4.27.0&#8243; _module_preset=\u00bbdefault\u00bb global_colors_info=\u00bb{}\u00bb][\/et_pb_image][et_pb_image src=\u00bbhttps:\/\/basilicaconcepcion.es\/wp-content\/uploads\/2024\/09\/Agenda-exterior-24-25-scaled.jpg\u00bb title_text=\u00bbAgenda exterior 24-25&#8243; _builder_version=\u00bb4.27.0&#8243; _module_preset=\u00bbdefault\u00bb global_colors_info=\u00bb{}\u00bb][\/et_pb_image][et_pb_image src=\u00bbhttps:\/\/basilicaconcepcion.es\/wp-content\/uploads\/2024\/09\/Agenda-interior-24-25-scaled.jpg\u00bb title_text=\u00bbAgenda interior 24-25&#8243; _builder_version=\u00bb4.27.0&#8243; _module_preset=\u00bbdefault\u00bb global_colors_info=\u00bb{}\u00bb][\/et_pb_image][et_pb_text _builder_version=\u00bb4.27.0&#8243; _module_preset=\u00bbdefault\u00bb global_colors_info=\u00bb{}\u00bb]<\/p>\n<h3 style=\"text-align: center;\">Descargue el pdf de la Agenda Parroquial 2024-25<\/h3>\n<p style=\"text-align: center;\"><a href=\"https:\/\/basilicaconcepcion.es\/wp-content\/uploads\/2024\/09\/Agenda_parroquial_24-25_1.pdf\" target=\"_blank\" rel=\"noopener\"><img loading=\"lazy\" decoding=\"async\" src=\"https:\/\/basilicaconcepcion.es\/wp-content\/uploads\/2024\/09\/pdf.png\" width=\"208\" height=\"242\" alt=\"\" class=\"wp-image-5115 alignnone size-full\" \/><\/a><\/p>\n<p>[\/et_pb_text][\/et_pb_column][\/et_pb_row][et_pb_row column_structure=\u00bb1_3,1_3,1_3&#8243; custom_padding_last_edited=\u00bbon|tablet\u00bb _builder_version=\u00bb4.25.0&#8243; _module_preset=\u00bbdefault\u00bb background_color=\u00bb#efefef\u00bb custom_padding=\u00bb5px|5px|5px|5px|false|false\u00bb custom_padding_tablet=\u00bb||0px||false|false\u00bb custom_padding_phone=\u00bb||0px||false|false\u00bb saved_tabs=\u00bball\u00bb collapsed=\u00bbon\u00bb global_colors_info=\u00bb{}\u00bb][et_pb_column type=\u00bb1_3&#8243; _builder_version=\u00bb4.20.0&#8243; _module_preset=\u00bbdefault\u00bb background_color=\u00bbRGBA(255,255,255,0)\u00bb link_option_url=\u00bb#\u00bb box_shadow_style=\u00bbpreset4&#8243; box_shadow_horizontal=\u00bb0px\u00bb box_shadow_vertical=\u00bb0px\u00bb box_shadow_color=\u00bb#F9F9F9&#8243; global_colors_info=\u00bb{}\u00bb background__hover_enabled=\u00bbon|desktop\u00bb box_shadow_spread__hover_enabled=\u00bbon|hover\u00bb box_shadow_spread__hover=\u00bb20px\u00bb background_color__hover=\u00bb#F9F9F9&#8243; background_enable_color__hover=\u00bbon\u00bb][et_pb_image src=\u00bbhttps:\/\/basilicaconcepcion.es\/wp-content\/uploads\/2024\/04\/photographer-icon-03.png\u00bb title_text=\u00bbphotographer-icon-03&#8243; _builder_version=\u00bb4.20.0&#8243; _module_preset=\u00bbdefault\u00bb global_colors_info=\u00bb{}\u00bb][\/et_pb_image][et_pb_text _builder_version=\u00bb4.25.0&#8243; _module_preset=\u00bb84b015e0-e1d1-4af8-89b7-cfd20165fc26&#8243; text_font=\u00bbCormorant SC||||||||\u00bb text_font_size=\u00bb36px\u00bb custom_margin=\u00bb||10px||false|false\u00bb global_colors_info=\u00bb{}\u00bb]Sacramentos[\/et_pb_text][\/et_pb_column][et_pb_column type=\u00bb1_3&#8243; _builder_version=\u00bb4.20.0&#8243; _module_preset=\u00bbdefault\u00bb background_color=\u00bbRGBA(255,255,255,0)\u00bb link_option_url=\u00bb#\u00bb box_shadow_style=\u00bbpreset4&#8243; box_shadow_horizontal=\u00bb0px\u00bb box_shadow_vertical=\u00bb0px\u00bb box_shadow_color=\u00bb#F9F9F9&#8243; global_colors_info=\u00bb{}\u00bb background__hover_enabled=\u00bbon|hover\u00bb box_shadow_spread__hover=\u00bb20px\u00bb box_shadow_spread__hover_enabled=\u00bbon|hover\u00bb background_color__hover=\u00bb#F9F9F9&#8243; background_enable_color__hover=\u00bbon\u00bb][et_pb_accordion open_toggle_text_color=\u00bb#000000&#8243; open_toggle_background_color=\u00bbRGBA(0,0,0,0)\u00bb closed_toggle_background_color=\u00bbRGBA(0,0,0,0)\u00bb icon_color=\u00bb#000000&#8243; _builder_version=\u00bb4.27.3&#8243; _module_preset=\u00bbdefault\u00bb toggle_text_color=\u00bb#000000&#8243; toggle_level=\u00bbh4&#8243; toggle_font=\u00bbRoboto|500|||||||\u00bb toggle_line_height=\u00bb1.5em\u00bb body_text_color=\u00bb#4f4f4f\u00bb body_line_height=\u00bb1.8em\u00bb background_enable_color=\u00bboff\u00bb custom_margin=\u00bb||||false|false\u00bb border_width_all=\u00bb0px\u00bb locked=\u00bboff\u00bb global_colors_info=\u00bb{}\u00bb][et_pb_accordion_item title=\u00bbPASTORAL DE BAUTISMO\u00bb _builder_version=\u00bb4.24.2&#8243; _module_preset=\u00bbdefault\u00bb custom_margin=\u00bb||0px||false|false\u00bb custom_padding=\u00bb|0px||0px|false|true\u00bb body_font_size_tablet=\u00bb\u00bb body_font_size_phone=\u00bb13px\u00bb body_font_size_last_edited=\u00bbon|phone\u00bb global_colors_info=\u00bb{}\u00bb open=\u00bbon\u00bb]<\/p>\n<p><strong>Acogida<\/strong>: Horario de despachos<\/p>\n<p><strong>Encuentros<\/strong>: jueves y viernes 19-20 h.<\/p>\n<p><strong>Celebraciones<\/strong>: 2\u00ba s\u00e1bados de mes 13 h. y 4\u00ba domingos de mes 17 h.<\/p>\n<p>[\/et_pb_accordion_item][et_pb_accordion_item title=\u00bbPRIMERA COMUNI\u00d3N\u00bb _builder_version=\u00bb4.27.3&#8243; _module_preset=\u00bbdefault\u00bb custom_margin=\u00bb||0px||false|false\u00bb custom_padding=\u00bb|0px||0px|false|true\u00bb global_colors_info=\u00bb{}\u00bb open=\u00bboff\u00bb]<\/p>\n<p>Ni\u00f1os de 2\u00ba, 3\u00ba Y 4\u00ba de Primaria<\/p>\n<p>Lunes 17:30<\/p>\n<p>[\/et_pb_accordion_item][et_pb_accordion_item title=\u00bbCONFIRMACI\u00d3N\u00bb open=\u00bboff\u00bb _builder_version=\u00bb4.27.3&#8243; _module_preset=\u00bbdefault\u00bb custom_margin=\u00bb||0px||false|false\u00bb custom_padding=\u00bb|0px||0px|false|true\u00bb global_colors_info=\u00bb{}\u00bb]<\/p>\n<p><strong>Juveniles<\/strong>: Secundaria<\/p>\n<p><strong>J\u00f3venes<\/strong>: Bachillerato<\/p>\n<p>Domingos 12:00<\/p>\n<p><strong>Universitarios y Adultos<\/strong><\/p>\n<p>[\/et_pb_accordion_item][\/et_pb_accordion][\/et_pb_column][et_pb_column type=\u00bb1_3&#8243; _builder_version=\u00bb4.20.0&#8243; _module_preset=\u00bbdefault\u00bb background_color=\u00bbRGBA(255,255,255,0)\u00bb link_option_url=\u00bb#\u00bb box_shadow_style=\u00bbpreset4&#8243; box_shadow_horizontal=\u00bb0px\u00bb box_shadow_vertical=\u00bb0px\u00bb box_shadow_color=\u00bb#F9F9F9&#8243; global_colors_info=\u00bb{}\u00bb background_color__hover=\u00bb#F9F9F9&#8243; background__hover_enabled=\u00bbon|hover\u00bb box_shadow_spread__hover=\u00bb20px\u00bb box_shadow_spread__hover_enabled=\u00bbon|hover\u00bb background_enable_color__hover=\u00bbon\u00bb][et_pb_accordion open_toggle_text_color=\u00bb#000000&#8243; open_toggle_background_color=\u00bbRGBA(0,0,0,0)\u00bb closed_toggle_background_color=\u00bbRGBA(0,0,0,0)\u00bb icon_color=\u00bb#000000&#8243; _builder_version=\u00bb4.27.3&#8243; _module_preset=\u00bbdefault\u00bb toggle_text_color=\u00bb#000000&#8243; toggle_level=\u00bbh4&#8243; toggle_font=\u00bbRoboto|500|||||||\u00bb toggle_line_height=\u00bb1.5em\u00bb body_text_color=\u00bb#000000&#8243; body_line_height=\u00bb1.8em\u00bb background_enable_color=\u00bboff\u00bb custom_margin=\u00bb||||false|false\u00bb custom_margin_tablet=\u00bb30px||||false|false\u00bb custom_margin_phone=\u00bb20px||||false|false\u00bb custom_margin_last_edited=\u00bboff|desktop\u00bb hover_enabled=\u00bb0&#8243; toggle_font_size_tablet=\u00bb16px\u00bb toggle_font_size_phone=\u00bb14px\u00bb toggle_font_size_last_edited=\u00bbon|phone\u00bb border_width_all=\u00bb0px\u00bb locked=\u00bboff\u00bb global_colors_info=\u00bb{}\u00bb sticky_enabled=\u00bb0&#8243;][et_pb_accordion_item title=\u00bbPASTORAL DE NOVIOS\u00bb open=\u00bbon\u00bb _builder_version=\u00bb4.27.3&#8243; _module_preset=\u00bbdefault\u00bb custom_margin=\u00bb||0px||false|false\u00bb custom_padding=\u00bb|0px||0px|false|true\u00bb hover_enabled=\u00bb0&#8243; global_colors_info=\u00bb{}\u00bb sticky_enabled=\u00bb0&#8243;]<\/p>\n<p><strong>Acogida:<\/strong> martes 10-12 h. y 18-20 h. S\u00e1bados 11-13 h.<\/p>\n<p><strong>Cursillos<\/strong>: fechas en acogida (consultar agenda)<\/p>\n<p>[\/et_pb_accordion_item][et_pb_accordion_item title=\u00bbCELEBRACIONES PENITENCIALES\u00bb _builder_version=\u00bb4.24.2&#8243; _module_preset=\u00bbdefault\u00bb custom_margin=\u00bb||0px||false|false\u00bb custom_padding=\u00bb|0px||0px|false|true\u00bb global_colors_info=\u00bb{}\u00bb open=\u00bboff\u00bb]<\/p>\n<p><strong>Individual<\/strong>: media hora antes de cada misa.<\/p>\n<p><strong>Comunitaria<\/strong>: 22 de marzo<\/p>\n<p>[\/et_pb_accordion_item][\/et_pb_accordion][\/et_pb_column][\/et_pb_row][\/et_pb_section][et_pb_section fb_built=\u00bb1&#8243; admin_label=\u00bbCall to Action\u00bb _builder_version=\u00bb4.25.0&#8243; _module_preset=\u00bbdefault\u00bb use_background_color_gradient=\u00bbon\u00bb background_color_gradient_stops=\u00bb#280202 0%|rgba(0,0,0,0.51) 100%\u00bb background_image=\u00bbhttps:\/\/basilicaconcepcion.es\/wp-content\/uploads\/2024\/05\/Fondo_Techo.jpg\u00bb custom_padding=\u00bb4vw||4vw||true|false\u00bb background_last_edited=\u00bboff|desktop\u00bb background_position_tablet=\u00bbcenter\u00bb background_position_phone=\u00bbcenter\u00bb collapsed=\u00bbon\u00bb global_colors_info=\u00bb{}\u00bb][et_pb_row custom_padding_last_edited=\u00bbon|tablet\u00bb _builder_version=\u00bb4.20.0&#8243; _module_preset=\u00bbdefault\u00bb custom_padding=\u00bb|120px||120px|false|true\u00bb custom_padding_tablet=\u00bb|8%||8%|false|true\u00bb custom_padding_phone=\u00bb||||false|false\u00bb global_colors_info=\u00bb{}\u00bb][et_pb_column type=\u00bb4_4&#8243; _builder_version=\u00bb4.20.0&#8243; _module_preset=\u00bbdefault\u00bb global_colors_info=\u00bb{}\u00bb][et_pb_text _builder_version=\u00bb4.25.1&#8243; _module_preset=\u00bba81d567d-3505-4e60-8ca9-9dac255a6b7d\u00bb text_text_color=\u00bb#FFFFFF\u00bb text_orientation=\u00bbcenter\u00bb background_layout=\u00bbdark\u00bb custom_margin=\u00bb||10px||false|false\u00bb global_colors_info=\u00bb{}\u00bb]<\/p>\n<h2>Bas\u00edlica Concepci\u00f3n de Nuestra Se\u00f1ora<\/h2>\n<p>[\/et_pb_text][\/et_pb_column][\/et_pb_row][\/et_pb_section]<\/p>\n","protected":false},"excerpt":{"rendered":"<p>AGENDADescargue el pdf de la Agenda Parroquial 2024-25 SacramentosAcogida: Horario de despachos Encuentros: jueves y viernes 19-20 h. Celebraciones: 2\u00ba s\u00e1bados de mes 13 h. y 4\u00ba domingos de mes 17 h.Ni\u00f1os de 2\u00ba, 3\u00ba Y 4\u00ba de Primaria Lunes 17:30Juveniles: Secundaria J\u00f3venes: Bachillerato Domingos 12:00 Universitarios y AdultosAcogida: martes 10-12 h. y 18-20 h. [&hellip;]<\/p>\n","protected":false},"author":2,"featured_media":0,"parent":0,"menu_order":0,"comment_status":"closed","ping_status":"closed","template":"","meta":{"_et_pb_use_builder":"on","_et_pb_old_content":"","_et_gb_content_width":"","footnotes":""},"class_list":["post-403","page","type-page","status-publish","hentry"],"yoast_head":"<!-- This site is optimized with the Yoast SEO plugin v26.5 - https:\/\/yoast.com\/wordpress\/plugins\/seo\/ -->\n<title>Agenda - Bas\u00edlica de la Concepci\u00f3n<\/title>\n<meta name=\"robots\" content=\"index, follow, max-snippet:-1, max-image-preview:large, max-video-preview:-1\" \/>\n<link rel=\"canonical\" href=\"https:\/\/basilicaconcepcion.es\/index.php\/sacramentos\/\" \/>\n<meta property=\"og:locale\" content=\"es_ES\" \/>\n<meta property=\"og:type\" content=\"article\" \/>\n<meta property=\"og:title\" content=\"Agenda - Bas\u00edlica de la Concepci\u00f3n\" \/>\n<meta property=\"og:description\" content=\"AGENDADescargue el pdf de la Agenda Parroquial 2024-25 SacramentosAcogida: Horario de despachos Encuentros: jueves y viernes 19-20 h. Celebraciones: 2\u00ba s\u00e1bados de mes 13 h. y 4\u00ba domingos de mes 17 h.Ni\u00f1os de 2\u00ba, 3\u00ba Y 4\u00ba de Primaria Lunes 17:30Juveniles: Secundaria J\u00f3venes: Bachillerato Domingos 12:00 Universitarios y AdultosAcogida: martes 10-12 h. y 18-20 h. [&hellip;]\" \/>\n<meta property=\"og:url\" content=\"https:\/\/basilicaconcepcion.es\/index.php\/sacramentos\/\" \/>\n<meta property=\"og:site_name\" content=\"Bas\u00edlica de la Concepci\u00f3n\" \/>\n<meta property=\"article:modified_time\" content=\"2024-11-11T07:08:20+00:00\" \/>\n<meta property=\"og:image\" content=\"https:\/\/basilicaconcepcion.es\/wp-content\/uploads\/2024\/09\/pdf.png\" \/>\n<meta name=\"twitter:card\" content=\"summary_large_image\" \/>\n<meta name=\"twitter:label1\" content=\"Tiempo de lectura\" \/>\n\t<meta name=\"twitter:data1\" content=\"2 minutos\" \/>\n<script type=\"application\/ld+json\" class=\"yoast-schema-graph\">{\"@context\":\"https:\/\/schema.org\",\"@graph\":[{\"@type\":\"WebPage\",\"@id\":\"https:\/\/basilicaconcepcion.es\/index.php\/sacramentos\/\",\"url\":\"https:\/\/basilicaconcepcion.es\/index.php\/sacramentos\/\",\"name\":\"Agenda - Bas\u00edlica de la Concepci\u00f3n\",\"isPartOf\":{\"@id\":\"https:\/\/basilicaconcepcion.es\/#website\"},\"primaryImageOfPage\":{\"@id\":\"https:\/\/basilicaconcepcion.es\/index.php\/sacramentos\/#primaryimage\"},\"image\":{\"@id\":\"https:\/\/basilicaconcepcion.es\/index.php\/sacramentos\/#primaryimage\"},\"thumbnailUrl\":\"https:\/\/basilicaconcepcion.es\/wp-content\/uploads\/2024\/09\/pdf.png\",\"datePublished\":\"2024-05-10T08:41:58+00:00\",\"dateModified\":\"2024-11-11T07:08:20+00:00\",\"breadcrumb\":{\"@id\":\"https:\/\/basilicaconcepcion.es\/index.php\/sacramentos\/#breadcrumb\"},\"inLanguage\":\"es\",\"potentialAction\":[{\"@type\":\"ReadAction\",\"target\":[\"https:\/\/basilicaconcepcion.es\/index.php\/sacramentos\/\"]}]},{\"@type\":\"ImageObject\",\"inLanguage\":\"es\",\"@id\":\"https:\/\/basilicaconcepcion.es\/index.php\/sacramentos\/#primaryimage\",\"url\":\"https:\/\/basilicaconcepcion.es\/wp-content\/uploads\/2024\/09\/pdf.png\",\"contentUrl\":\"https:\/\/basilicaconcepcion.es\/wp-content\/uploads\/2024\/09\/pdf.png\",\"width\":208,\"height\":242},{\"@type\":\"BreadcrumbList\",\"@id\":\"https:\/\/basilicaconcepcion.es\/index.php\/sacramentos\/#breadcrumb\",\"itemListElement\":[{\"@type\":\"ListItem\",\"position\":1,\"name\":\"Portada\",\"item\":\"https:\/\/basilicaconcepcion.es\/\"},{\"@type\":\"ListItem\",\"position\":2,\"name\":\"Agenda\"}]},{\"@type\":\"WebSite\",\"@id\":\"https:\/\/basilicaconcepcion.es\/#website\",\"url\":\"https:\/\/basilicaconcepcion.es\/\",\"name\":\"Bas\u00edlica de la Concepci\u00f3n\",\"description\":\"\",\"potentialAction\":[{\"@type\":\"SearchAction\",\"target\":{\"@type\":\"EntryPoint\",\"urlTemplate\":\"https:\/\/basilicaconcepcion.es\/?s={search_term_string}\"},\"query-input\":{\"@type\":\"PropertyValueSpecification\",\"valueRequired\":true,\"valueName\":\"search_term_string\"}}],\"inLanguage\":\"es\"}]}<\/script>\n<!-- \/ Yoast SEO plugin. -->","yoast_head_json":{"title":"Agenda - Bas\u00edlica de la Concepci\u00f3n","robots":{"index":"index","follow":"follow","max-snippet":"max-snippet:-1","max-image-preview":"max-image-preview:large","max-video-preview":"max-video-preview:-1"},"canonical":"https:\/\/basilicaconcepcion.es\/index.php\/sacramentos\/","og_locale":"es_ES","og_type":"article","og_title":"Agenda - Bas\u00edlica de la Concepci\u00f3n","og_description":"AGENDADescargue el pdf de la Agenda Parroquial 2024-25 SacramentosAcogida: Horario de despachos Encuentros: jueves y viernes 19-20 h. Celebraciones: 2\u00ba s\u00e1bados de mes 13 h. y 4\u00ba domingos de mes 17 h.Ni\u00f1os de 2\u00ba, 3\u00ba Y 4\u00ba de Primaria Lunes 17:30Juveniles: Secundaria J\u00f3venes: Bachillerato Domingos 12:00 Universitarios y AdultosAcogida: martes 10-12 h. y 18-20 h. [&hellip;]","og_url":"https:\/\/basilicaconcepcion.es\/index.php\/sacramentos\/","og_site_name":"Bas\u00edlica de la Concepci\u00f3n","article_modified_time":"2024-11-11T07:08:20+00:00","og_image":[{"url":"https:\/\/basilicaconcepcion.es\/wp-content\/uploads\/2024\/09\/pdf.png","type":"","width":"","height":""}],"twitter_card":"summary_large_image","twitter_misc":{"Tiempo de lectura":"2 minutos"},"schema":{"@context":"https:\/\/schema.org","@graph":[{"@type":"WebPage","@id":"https:\/\/basilicaconcepcion.es\/index.php\/sacramentos\/","url":"https:\/\/basilicaconcepcion.es\/index.php\/sacramentos\/","name":"Agenda - Bas\u00edlica de la Concepci\u00f3n","isPartOf":{"@id":"https:\/\/basilicaconcepcion.es\/#website"},"primaryImageOfPage":{"@id":"https:\/\/basilicaconcepcion.es\/index.php\/sacramentos\/#primaryimage"},"image":{"@id":"https:\/\/basilicaconcepcion.es\/index.php\/sacramentos\/#primaryimage"},"thumbnailUrl":"https:\/\/basilicaconcepcion.es\/wp-content\/uploads\/2024\/09\/pdf.png","datePublished":"2024-05-10T08:41:58+00:00","dateModified":"2024-11-11T07:08:20+00:00","breadcrumb":{"@id":"https:\/\/basilicaconcepcion.es\/index.php\/sacramentos\/#breadcrumb"},"inLanguage":"es","potentialAction":[{"@type":"ReadAction","target":["https:\/\/basilicaconcepcion.es\/index.php\/sacramentos\/"]}]},{"@type":"ImageObject","inLanguage":"es","@id":"https:\/\/basilicaconcepcion.es\/index.php\/sacramentos\/#primaryimage","url":"https:\/\/basilicaconcepcion.es\/wp-content\/uploads\/2024\/09\/pdf.png","contentUrl":"https:\/\/basilicaconcepcion.es\/wp-content\/uploads\/2024\/09\/pdf.png","width":208,"height":242},{"@type":"BreadcrumbList","@id":"https:\/\/basilicaconcepcion.es\/index.php\/sacramentos\/#breadcrumb","itemListElement":[{"@type":"ListItem","position":1,"name":"Portada","item":"https:\/\/basilicaconcepcion.es\/"},{"@type":"ListItem","position":2,"name":"Agenda"}]},{"@type":"WebSite","@id":"https:\/\/basilicaconcepcion.es\/#website","url":"https:\/\/basilicaconcepcion.es\/","name":"Bas\u00edlica de la Concepci\u00f3n","description":"","potentialAction":[{"@type":"SearchAction","target":{"@type":"EntryPoint","urlTemplate":"https:\/\/basilicaconcepcion.es\/?s={search_term_string}"},"query-input":{"@type":"PropertyValueSpecification","valueRequired":true,"valueName":"search_term_string"}}],"inLanguage":"es"}]}},"_links":{"self":[{"href":"https:\/\/basilicaconcepcion.es\/index.php\/wp-json\/wp\/v2\/pages\/403","targetHints":{"allow":["GET"]}}],"collection":[{"href":"https:\/\/basilicaconcepcion.es\/index.php\/wp-json\/wp\/v2\/pages"}],"about":[{"href":"https:\/\/basilicaconcepcion.es\/index.php\/wp-json\/wp\/v2\/types\/page"}],"author":[{"embeddable":true,"href":"https:\/\/basilicaconcepcion.es\/index.php\/wp-json\/wp\/v2\/users\/2"}],"replies":[{"embeddable":true,"href":"https:\/\/basilicaconcepcion.es\/index.php\/wp-json\/wp\/v2\/comments?post=403"}],"version-history":[{"count":15,"href":"https:\/\/basilicaconcepcion.es\/index.php\/wp-json\/wp\/v2\/pages\/403\/revisions"}],"predecessor-version":[{"id":5384,"href":"https:\/\/basilicaconcepcion.es\/index.php\/wp-json\/wp\/v2\/pages\/403\/revisions\/5384"}],"wp:attachment":[{"href":"https:\/\/basilicaconcepcion.es\/index.php\/wp-json\/wp\/v2\/media?parent=403"}],"curies":[{"name":"wp","href":"https:\/\/api.w.org\/{rel}","templated":true}]}}