{"id":194,"date":"2024-03-18T12:33:56","date_gmt":"2024-03-18T12:33:56","guid":{"rendered":"https:\/\/basilicaconcepcion.es\/?page_id=194"},"modified":"2024-11-09T15:35:40","modified_gmt":"2024-11-09T15:35:40","slug":"sacerdotes-y-centros","status":"publish","type":"page","link":"https:\/\/basilicaconcepcion.es\/index.php\/sacerdotes-y-centros\/","title":{"rendered":"Sacerdotes y centros"},"content":{"rendered":"<p>[et_pb_section fb_built=\u00bb1&#8243; admin_label=\u00bbHeader\u00bb _builder_version=\u00bb4.25.0&#8243; _module_preset=\u00bbdefault\u00bb use_background_color_gradient=\u00bbon\u00bb background_color_gradient_stops=\u00bbrgba(0,0,0,0.5) 0%|rgba(0,0,0,0.18) 100%\u00bb background_color_gradient_overlays_image=\u00bbon\u00bb background_image=\u00bbhttps:\/\/basilicaconcepcion.es\/wp-content\/uploads\/2024\/05\/Fondo_Parroquia.jpg\u00bb custom_padding=\u00bb3vw||3vw||true|false\u00bb locked=\u00bboff\u00bb collapsed=\u00bbon\u00bb global_colors_info=\u00bb{}\u00bb][et_pb_row _builder_version=\u00bb4.20.0&#8243; _module_preset=\u00bbdefault\u00bb global_colors_info=\u00bb{}\u00bb][et_pb_column type=\u00bb4_4&#8243; _builder_version=\u00bb4.20.0&#8243; _module_preset=\u00bbdefault\u00bb global_colors_info=\u00bb{}\u00bb][et_pb_text _builder_version=\u00bb4.25.0&#8243; _module_preset=\u00bb89b47a2b-3bb2-4919-85b2-8f5d1a04fc39&#8243; header_text_color=\u00bb#FFFFFF\u00bb text_orientation=\u00bbcenter\u00bb global_colors_info=\u00bb{}\u00bb]<\/p>\n<h1 style=\"text-align: right;\">SACERDOTES<\/h1>\n<p>[\/et_pb_text][\/et_pb_column][\/et_pb_row][\/et_pb_section][et_pb_section fb_built=\u00bb1&#8243; admin_label=\u00bbTeam\u00bb _builder_version=\u00bb4.16&#8243; _module_preset=\u00bbdefault\u00bb custom_padding=\u00bb||17px|||\u00bb global_colors_info=\u00bb{}\u00bb][et_pb_row column_structure=\u00bb1_6,1_6,1_6,1_6,1_6,1_6&#8243; _builder_version=\u00bb4.16&#8243; _module_preset=\u00bbdefault\u00bb global_colors_info=\u00bb{}\u00bb][et_pb_column type=\u00bb1_6&#8243; _builder_version=\u00bb4.16&#8243; _module_preset=\u00bbdefault\u00bb global_colors_info=\u00bb{}\u00bb][et_pb_team_member name=\u00bbAvelino Revilla Cu\u00f1ado\u00bb position=\u00bbP\u00e1rroco\u00bb image_url=\u00bbhttps:\/\/basilicaconcepcion.es\/wp-content\/uploads\/2024\/03\/Avelino_Revilla.jpg\u00bb _builder_version=\u00bb4.25.0&#8243; _module_preset=\u00bbdefault\u00bb header_font=\u00bbRoboto||||||||\u00bb header_font_size=\u00bb16px\u00bb body_link_font=\u00bb||||on||||\u00bb body_link_text_color=\u00bb#F7827E\u00bb text_orientation=\u00bbcenter\u00bb global_colors_info=\u00bb{}\u00bb][\/et_pb_team_member][\/et_pb_column][et_pb_column type=\u00bb1_6&#8243; _builder_version=\u00bb4.16&#8243; _module_preset=\u00bbdefault\u00bb global_colors_info=\u00bb{}\u00bb][et_pb_team_member name=\u00bbFrancisco Javier P\u00e9rez S\u00e1nchez\u00bb position=\u00bbVicario parroquial\u00bb image_url=\u00bbhttps:\/\/basilicaconcepcion.es\/wp-content\/uploads\/2024\/03\/Silueta.jpg\u00bb _builder_version=\u00bb4.24.2&#8243; _module_preset=\u00bbdefault\u00bb header_font=\u00bbRoboto||||||||\u00bb header_font_size=\u00bb16px\u00bb body_link_font=\u00bb||||on||||\u00bb body_link_text_color=\u00bb#F7827E\u00bb text_orientation=\u00bbcenter\u00bb locked=\u00bboff\u00bb global_colors_info=\u00bb{}\u00bb][\/et_pb_team_member][\/et_pb_column][et_pb_column type=\u00bb1_6&#8243; _builder_version=\u00bb4.16&#8243; _module_preset=\u00bbdefault\u00bb global_colors_info=\u00bb{}\u00bb][et_pb_team_member name=\u00bbManuel Gonz\u00e1lez L\u00f3pez-Corps\u00bb position=\u00bbAdscrito\u00bb image_url=\u00bbhttps:\/\/basilicaconcepcion.es\/wp-content\/uploads\/2024\/10\/foto-manuel-gonzalez.jpg\u00bb _builder_version=\u00bb4.27.2&#8243; _module_preset=\u00bbdefault\u00bb header_font=\u00bbRoboto||||||||\u00bb header_font_size=\u00bb16px\u00bb body_link_font=\u00bb||||on||||\u00bb body_link_text_color=\u00bb#F7827E\u00bb text_orientation=\u00bbcenter\u00bb min_height=\u00bb291.3px\u00bb custom_padding=\u00bb||3px|||\u00bb locked=\u00bboff\u00bb global_colors_info=\u00bb{}\u00bb][\/et_pb_team_member][\/et_pb_column][et_pb_column _builder_version=\u00bb4.27.2&#8243; _module_preset=\u00bbdefault\u00bb type=\u00bb1_6&#8243;][\/et_pb_column][et_pb_column _builder_version=\u00bb4.27.2&#8243; _module_preset=\u00bbdefault\u00bb type=\u00bb1_6&#8243;][et_pb_team_member name=\u00bbJos\u00e9 Aurelio Mart\u00edn Jim\u00e9nez\u00bb position=\u00bbAdscrito\u00bb image_url=\u00bbhttps:\/\/basilicaconcepcion.es\/wp-content\/uploads\/2024\/03\/Silueta.jpg\u00bb _builder_version=\u00bb4.24.2&#8243; _module_preset=\u00bbdefault\u00bb header_font=\u00bbRoboto||||||||\u00bb header_font_size=\u00bb16px\u00bb body_link_font=\u00bb||||on||||\u00bb body_link_text_color=\u00bb#F7827E\u00bb text_orientation=\u00bbcenter\u00bb locked=\u00bboff\u00bb global_colors_info=\u00bb{}\u00bb][\/et_pb_team_member][\/et_pb_column][et_pb_column type=\u00bb1_6&#8243; _builder_version=\u00bb4.16&#8243; _module_preset=\u00bbdefault\u00bb global_colors_info=\u00bb{}\u00bb][et_pb_team_member name=\u00bbJuan Antonio Santamar\u00eda Lancho\u00bb position=\u00bbAdscrito\u00bb image_url=\u00bbhttps:\/\/basilicaconcepcion.es\/wp-content\/uploads\/2024\/03\/Silueta.jpg\u00bb _builder_version=\u00bb4.24.2&#8243; _module_preset=\u00bbdefault\u00bb header_font=\u00bbRoboto||||||||\u00bb header_font_size=\u00bb16px\u00bb body_link_font=\u00bb||||on||||\u00bb body_link_text_color=\u00bb#F7827E\u00bb text_orientation=\u00bbcenter\u00bb locked=\u00bboff\u00bb global_colors_info=\u00bb{}\u00bb][\/et_pb_team_member][\/et_pb_column][\/et_pb_row][et_pb_row _builder_version=\u00bb4.25.1&#8243; _module_preset=\u00bbdefault\u00bb global_colors_info=\u00bb{}\u00bb][et_pb_column type=\u00bb4_4&#8243; _builder_version=\u00bb4.25.1&#8243; _module_preset=\u00bbdefault\u00bb global_colors_info=\u00bb{}\u00bb][et_pb_image src=\u00bbhttps:\/\/basilicaconcepcion.es\/wp-content\/uploads\/2024\/05\/Fondo_sacerdotes.jpg\u00bb title_text=\u00bbFondo_sacerdotes\u00bb _builder_version=\u00bb4.25.1&#8243; _module_preset=\u00bbdefault\u00bb global_colors_info=\u00bb{}\u00bb][\/et_pb_image][\/et_pb_column][\/et_pb_row][\/et_pb_section][et_pb_section fb_built=\u00bb1&#8243; admin_label=\u00bbHeader\u00bb _builder_version=\u00bb4.25.0&#8243; _module_preset=\u00bbdefault\u00bb use_background_color_gradient=\u00bbon\u00bb background_color_gradient_stops=\u00bbrgba(0,0,0,0.5) 0%|rgba(0,0,0,0.18) 100%\u00bb background_color_gradient_overlays_image=\u00bbon\u00bb background_image=\u00bbhttps:\/\/basilicaconcepcion.es\/wp-content\/uploads\/2024\/05\/Fondo_Vidriera.jpg\u00bb custom_padding=\u00bb3vw||3vw||true|false\u00bb locked=\u00bboff\u00bb collapsed=\u00bboff\u00bb global_colors_info=\u00bb{}\u00bb][et_pb_row _builder_version=\u00bb4.20.0&#8243; _module_preset=\u00bbdefault\u00bb global_colors_info=\u00bb{}\u00bb][et_pb_column type=\u00bb4_4&#8243; _builder_version=\u00bb4.20.0&#8243; _module_preset=\u00bbdefault\u00bb global_colors_info=\u00bb{}\u00bb][et_pb_text _builder_version=\u00bb4.25.0&#8243; _module_preset=\u00bb89b47a2b-3bb2-4919-85b2-8f5d1a04fc39&#8243; header_text_color=\u00bb#FFFFFF\u00bb text_orientation=\u00bbcenter\u00bb global_colors_info=\u00bb{}\u00bb]<\/p>\n<h1 style=\"text-align: right;\">CENTROS<\/h1>\n<p>[\/et_pb_text][\/et_pb_column][\/et_pb_row][\/et_pb_section][et_pb_section fb_built=\u00bb1&#8243; admin_label=\u00bbTeam\u00bb _builder_version=\u00bb4.16&#8243; _module_preset=\u00bbdefault\u00bb custom_padding=\u00bb||17px|||\u00bb global_colors_info=\u00bb{}\u00bb][et_pb_row column_structure=\u00bb1_4,1_4,1_4,1_4&#8243; _builder_version=\u00bb4.16&#8243; _module_preset=\u00bbdefault\u00bb global_colors_info=\u00bb{}\u00bb][et_pb_column type=\u00bb1_4&#8243; _builder_version=\u00bb4.16&#8243; _module_preset=\u00bbdefault\u00bb global_colors_info=\u00bb{}\u00bb][et_pb_team_member name=\u00bbAgustinas Misioneras\u00bb image_url=\u00bbhttps:\/\/basilicaconcepcion.es\/wp-content\/uploads\/2024\/03\/Agustinas_Misioneras.jpg\u00bb _builder_version=\u00bb4.24.2&#8243; _module_preset=\u00bbdefault\u00bb header_font=\u00bbRoboto||||||||\u00bb header_font_size=\u00bb16px\u00bb body_link_font=\u00bb||||on||||\u00bb body_link_text_color=\u00bb#F7827E\u00bb text_orientation=\u00bbcenter\u00bb global_colors_info=\u00bb{}\u00bb][\/et_pb_team_member][et_pb_toggle title=\u00bbColegio Inmaculada Concepci\u00f3n\u00bb _builder_version=\u00bb4.24.2&#8243; _module_preset=\u00bbdefault\u00bb global_colors_info=\u00bb{}\u00bb]<\/p>\n<p style=\"text-align: left;\"><strong>Colegio Inmaculada Concepci\u00f3n<br \/><\/strong>General D\u00edaz Porlier, 25. 28001 Madrid<br \/>Tel. 91 431 44 20 \/ Fax 91 578 29 34<br \/>E-mail: cic@planalfa.es<br \/>Web: www.colegioinmaculadaconcepcion.org<\/p>\n<p style=\"text-align: left;\">CAPELL\u00c1N COMUNIDAD<br \/>PP. Franciscanos De La Parroquia De San Antonio Del Retiro<\/p>\n<p style=\"text-align: left;\">CAPELL\u00c1N COLEGIO<br \/>D. Francisco Garv\u00eda D\u00edaz<\/p>\n<p>[\/et_pb_toggle][et_pb_toggle title=\u00bbResidencia universitaria Tagaste\u00bb _builder_version=\u00bb4.24.2&#8243; _module_preset=\u00bbdefault\u00bb global_colors_info=\u00bb{}\u00bb]<\/p>\n<p style=\"text-align: left;\"><strong>RESIDENCIA UNIVERSIARIA TAGASTE<br \/><\/strong>General Pardi\u00f1as, 34 Bis. 28001 Madrid<br \/>Tel. 91 435 41 80 \/ Fax 91 577 38 54<br \/>E-mail: tagaste@planalfa.es<br \/>Web: www.tagaste.com<\/p>\n<p style=\"text-align: left;\">CAPELL\u00c1N<br \/>Padres Agustinos<br \/>Comunela, 12. 28001 Madrid<br \/>Tel. 91 575 60 05<\/p>\n<p>[\/et_pb_toggle][\/et_pb_column][et_pb_column type=\u00bb1_4&#8243; _builder_version=\u00bb4.16&#8243; _module_preset=\u00bbdefault\u00bb global_colors_info=\u00bb{}\u00bb][et_pb_team_member name=\u00bbHermanitas de los desamparados\u00bb image_url=\u00bbhttps:\/\/basilicaconcepcion.es\/wp-content\/uploads\/2024\/03\/Hermanitas_desamparados.jpg\u00bb _builder_version=\u00bb4.24.2&#8243; _module_preset=\u00bbdefault\u00bb header_font=\u00bbRoboto||||||||\u00bb header_font_size=\u00bb16px\u00bb body_link_font=\u00bb||||on||||\u00bb body_link_text_color=\u00bb#F7827E\u00bb text_orientation=\u00bbcenter\u00bb locked=\u00bboff\u00bb global_colors_info=\u00bb{}\u00bb]<\/p>\n<p>Residencia de ancianos<br \/>Lagasca, 17. 28001 Madrid<br \/>Tel. 91 435 14 05 &#8211; 91 435 10 97 \/ Fax 91 435 63 44<\/p>\n<p>CAPELL\u00c1N<br \/>D. Federico De Carlos Oto<\/p>\n<p>[\/et_pb_team_member][\/et_pb_column][et_pb_column type=\u00bb1_4&#8243; _builder_version=\u00bb4.16&#8243; _module_preset=\u00bbdefault\u00bb global_colors_info=\u00bb{}\u00bb][et_pb_team_member name=\u00bbMM. Carmelitas de la Antigua Observancia\u00bb image_url=\u00bbhttps:\/\/basilicaconcepcion.es\/wp-content\/uploads\/2024\/03\/Silueta.jpg\u00bb _builder_version=\u00bb4.24.2&#8243; _module_preset=\u00bbdefault\u00bb header_font=\u00bbRoboto||||||||\u00bb header_font_size=\u00bb16px\u00bb body_link_font=\u00bb||||on||||\u00bb body_link_text_color=\u00bb#F7827E\u00bb text_orientation=\u00bbcenter\u00bb locked=\u00bboff\u00bb global_colors_info=\u00bb{}\u00bb]<\/p>\n<p>Vida Contemplativa. <br \/>Iglesia de la Maravillas<br \/>Pr\u00edncipe de Vergara, 23. <br \/>28001 Madrid<br \/>Tel. 91 435 39 32 \/ <br \/>Fax 91 435 39 32<\/p>\n<p>CAPELL\u00c1N<br \/>P. Pablo G\u00e1rate Carazo O. C.<br \/>Pr\u00edncipe de Vergara, 23. Bis. <br \/>28001 Madrid.<br \/>Tel. 91 575 95 18<\/p>\n<p>[\/et_pb_team_member][\/et_pb_column][et_pb_column type=\u00bb1_4&#8243; _builder_version=\u00bb4.16&#8243; _module_preset=\u00bbdefault\u00bb global_colors_info=\u00bb{}\u00bb][et_pb_team_member name=\u00bbObra de las Mar\u00edas de los Sagrarios\u00bb image_url=\u00bbhttps:\/\/basilicaconcepcion.es\/wp-content\/uploads\/2024\/03\/Maria_de_los_sagrarios.jpg\u00bb _builder_version=\u00bb4.24.2&#8243; _module_preset=\u00bbdefault\u00bb header_font=\u00bbRoboto||||||||\u00bb header_font_size=\u00bb16px\u00bb body_link_font=\u00bb||||on||||\u00bb body_link_text_color=\u00bb#F7827E\u00bb text_orientation=\u00bbcenter\u00bb locked=\u00bboff\u00bb global_colors_info=\u00bb{}\u00bb]<\/p>\n<p>Obra de las Mar\u00edas de los Sagrarios. \u00abFundaci\u00f3n Padre Rubio\u00bb<br \/>Claudio Coello, 32 4\u00ba Izq. 28001 Madrid<br \/>Tel. 91 576 75 12<\/p>\n<p>[\/et_pb_team_member][\/et_pb_column][\/et_pb_row][et_pb_row column_structure=\u00bb1_4,1_4,1_4,1_4&#8243; _builder_version=\u00bb4.24.2&#8243; _module_preset=\u00bbdefault\u00bb global_colors_info=\u00bb{}\u00bb][et_pb_column type=\u00bb1_4&#8243; _builder_version=\u00bb4.16&#8243; _module_preset=\u00bbdefault\u00bb global_colors_info=\u00bb{}\u00bb][et_pb_team_member name=\u00bbCentro de la Mujer %22Sede\u00f1a%22 (Opus Dei)\u00bb image_url=\u00bbhttps:\/\/basilicaconcepcion.es\/wp-content\/uploads\/2024\/03\/Silueta.jpg\u00bb _builder_version=\u00bb4.24.2&#8243; _module_preset=\u00bbdefault\u00bb header_font=\u00bbRoboto||||||||\u00bb header_font_size=\u00bb16px\u00bb body_link_font=\u00bb||||on||||\u00bb body_link_text_color=\u00bb#F7827E\u00bb text_orientation=\u00bbcenter\u00bb global_colors_info=\u00bb{}\u00bb]<\/p>\n<p>Nu\u00f1ez de Balboa, 10 2\u00ba Izq. 28001 Madrid<br \/>Tel. 91 575 86 43<\/p>\n<p>CAPELL\u00c1N<br \/>D. Pedro Beteta<\/p>\n<p>[\/et_pb_team_member][\/et_pb_column][et_pb_column type=\u00bb1_4&#8243; _builder_version=\u00bb4.16&#8243; _module_preset=\u00bbdefault\u00bb global_colors_info=\u00bb{}\u00bb][et_pb_team_member name=\u00bbCentro universitario Gurtubay (Opus Dei)\u00bb image_url=\u00bbhttps:\/\/basilicaconcepcion.es\/wp-content\/uploads\/2024\/03\/Gurtubay.jpg\u00bb _builder_version=\u00bb4.24.2&#8243; _module_preset=\u00bbdefault\u00bb header_font=\u00bbRoboto||||||||\u00bb header_font_size=\u00bb16px\u00bb body_link_font=\u00bb||||on||||\u00bb body_link_text_color=\u00bb#F7827E\u00bb text_orientation=\u00bbcenter\u00bb locked=\u00bboff\u00bb global_colors_info=\u00bb{}\u00bb]<\/p>\n<p>Gurtubay, 3 Bajo. 28001 Madrid<br \/>Tel. 91 435 54 91<\/p>\n<p>CAPELL\u00c1N<br \/>D. Jos\u00e9 Escudero<\/p>\n<p>[\/et_pb_team_member][\/et_pb_column][et_pb_column type=\u00bb1_4&#8243; _builder_version=\u00bb4.16&#8243; _module_preset=\u00bbdefault\u00bb global_colors_info=\u00bb{}\u00bb][et_pb_team_member name=\u00bbPastoral Familiar %22Jorge Juan%22 (Opus Dei)\u00bb image_url=\u00bbhttps:\/\/basilicaconcepcion.es\/wp-content\/uploads\/2024\/03\/Silueta.jpg\u00bb _builder_version=\u00bb4.24.2&#8243; _module_preset=\u00bbdefault\u00bb header_font=\u00bbRoboto||||||||\u00bb header_font_size=\u00bb16px\u00bb body_link_font=\u00bb||||on||||\u00bb body_link_text_color=\u00bb#F7827E\u00bb text_orientation=\u00bbcenter\u00bb locked=\u00bboff\u00bb global_colors_info=\u00bb{}\u00bb]<\/p>\n<p>Jorge Juan, 46 5\u00ba.<br \/>28001 Madrid<br \/>Tel. 91 576 95 97<\/p>\n<p>CAPELL\u00c1N<br \/>D. Francisco Mart\u00ed Gilabert<\/p>\n<p>[\/et_pb_team_member][\/et_pb_column][et_pb_column type=\u00bb1_4&#8243; _builder_version=\u00bb4.16&#8243; _module_preset=\u00bbdefault\u00bb global_colors_info=\u00bb{}\u00bb][\/et_pb_column][\/et_pb_row][et_pb_row column_structure=\u00bb1_4,1_4,1_4,1_4&#8243; _builder_version=\u00bb4.24.2&#8243; _module_preset=\u00bbdefault\u00bb global_colors_info=\u00bb{}\u00bb][et_pb_column type=\u00bb1_4&#8243; _builder_version=\u00bb4.16&#8243; _module_preset=\u00bbdefault\u00bb global_colors_info=\u00bb{}\u00bb][\/et_pb_column][et_pb_column type=\u00bb1_4&#8243; _builder_version=\u00bb4.16&#8243; _module_preset=\u00bbdefault\u00bb global_colors_info=\u00bb{}\u00bb][\/et_pb_column][et_pb_column type=\u00bb1_4&#8243; _builder_version=\u00bb4.16&#8243; _module_preset=\u00bbdefault\u00bb global_colors_info=\u00bb{}\u00bb][\/et_pb_column][et_pb_column type=\u00bb1_4&#8243; _builder_version=\u00bb4.16&#8243; _module_preset=\u00bbdefault\u00bb global_colors_info=\u00bb{}\u00bb][\/et_pb_column][\/et_pb_row][\/et_pb_section]<\/p>\n","protected":false},"excerpt":{"rendered":"<p>SACERDOTESCENTROSColegio Inmaculada Concepci\u00f3nGeneral D\u00edaz Porlier, 25. 28001 MadridTel. 91 431 44 20 \/ Fax 91 578 29 34E-mail: cic@planalfa.esWeb: www.colegioinmaculadaconcepcion.org CAPELL\u00c1N COMUNIDADPP. Franciscanos De La Parroquia De San Antonio Del Retiro CAPELL\u00c1N COLEGIOD. Francisco Garv\u00eda D\u00edazRESIDENCIA UNIVERSIARIA TAGASTEGeneral Pardi\u00f1as, 34 Bis. 28001 MadridTel. 91 435 41 80 \/ Fax 91 577 38 54E-mail: tagaste@planalfa.esWeb: www.tagaste.com [&hellip;]<\/p>\n","protected":false},"author":2,"featured_media":0,"parent":0,"menu_order":0,"comment_status":"closed","ping_status":"closed","template":"","meta":{"_et_pb_use_builder":"on","_et_pb_old_content":"","_et_gb_content_width":"","footnotes":""},"class_list":["post-194","page","type-page","status-publish","hentry"],"yoast_head":"<!-- This site is optimized with the Yoast SEO plugin v26.5 - https:\/\/yoast.com\/wordpress\/plugins\/seo\/ -->\n<title>Sacerdotes y centros - Bas\u00edlica de la Concepci\u00f3n<\/title>\n<meta name=\"robots\" content=\"index, follow, max-snippet:-1, max-image-preview:large, max-video-preview:-1\" \/>\n<link rel=\"canonical\" href=\"https:\/\/basilicaconcepcion.es\/index.php\/sacerdotes-y-centros\/\" \/>\n<meta property=\"og:locale\" content=\"es_ES\" \/>\n<meta property=\"og:type\" content=\"article\" \/>\n<meta property=\"og:title\" content=\"Sacerdotes y centros - Bas\u00edlica de la Concepci\u00f3n\" \/>\n<meta property=\"og:description\" content=\"SACERDOTESCENTROSColegio Inmaculada Concepci\u00f3nGeneral D\u00edaz Porlier, 25. 28001 MadridTel. 91 431 44 20 \/ Fax 91 578 29 34E-mail: cic@planalfa.esWeb: www.colegioinmaculadaconcepcion.org CAPELL\u00c1N COMUNIDADPP. Franciscanos De La Parroquia De San Antonio Del Retiro CAPELL\u00c1N COLEGIOD. Francisco Garv\u00eda D\u00edazRESIDENCIA UNIVERSIARIA TAGASTEGeneral Pardi\u00f1as, 34 Bis. 28001 MadridTel. 91 435 41 80 \/ Fax 91 577 38 54E-mail: tagaste@planalfa.esWeb: www.tagaste.com [&hellip;]\" \/>\n<meta property=\"og:url\" content=\"https:\/\/basilicaconcepcion.es\/index.php\/sacerdotes-y-centros\/\" \/>\n<meta property=\"og:site_name\" content=\"Bas\u00edlica de la Concepci\u00f3n\" \/>\n<meta property=\"article:modified_time\" content=\"2024-11-09T15:35:40+00:00\" \/>\n<meta name=\"twitter:card\" content=\"summary_large_image\" \/>\n<meta name=\"twitter:label1\" content=\"Tiempo de lectura\" \/>\n\t<meta name=\"twitter:data1\" content=\"4 minutos\" \/>\n<script type=\"application\/ld+json\" class=\"yoast-schema-graph\">{\"@context\":\"https:\/\/schema.org\",\"@graph\":[{\"@type\":\"WebPage\",\"@id\":\"https:\/\/basilicaconcepcion.es\/index.php\/sacerdotes-y-centros\/\",\"url\":\"https:\/\/basilicaconcepcion.es\/index.php\/sacerdotes-y-centros\/\",\"name\":\"Sacerdotes y centros - Bas\u00edlica de la Concepci\u00f3n\",\"isPartOf\":{\"@id\":\"https:\/\/basilicaconcepcion.es\/#website\"},\"datePublished\":\"2024-03-18T12:33:56+00:00\",\"dateModified\":\"2024-11-09T15:35:40+00:00\",\"breadcrumb\":{\"@id\":\"https:\/\/basilicaconcepcion.es\/index.php\/sacerdotes-y-centros\/#breadcrumb\"},\"inLanguage\":\"es\",\"potentialAction\":[{\"@type\":\"ReadAction\",\"target\":[\"https:\/\/basilicaconcepcion.es\/index.php\/sacerdotes-y-centros\/\"]}]},{\"@type\":\"BreadcrumbList\",\"@id\":\"https:\/\/basilicaconcepcion.es\/index.php\/sacerdotes-y-centros\/#breadcrumb\",\"itemListElement\":[{\"@type\":\"ListItem\",\"position\":1,\"name\":\"Portada\",\"item\":\"https:\/\/basilicaconcepcion.es\/\"},{\"@type\":\"ListItem\",\"position\":2,\"name\":\"Sacerdotes y centros\"}]},{\"@type\":\"WebSite\",\"@id\":\"https:\/\/basilicaconcepcion.es\/#website\",\"url\":\"https:\/\/basilicaconcepcion.es\/\",\"name\":\"Bas\u00edlica de la Concepci\u00f3n\",\"description\":\"\",\"potentialAction\":[{\"@type\":\"SearchAction\",\"target\":{\"@type\":\"EntryPoint\",\"urlTemplate\":\"https:\/\/basilicaconcepcion.es\/?s={search_term_string}\"},\"query-input\":{\"@type\":\"PropertyValueSpecification\",\"valueRequired\":true,\"valueName\":\"search_term_string\"}}],\"inLanguage\":\"es\"}]}<\/script>\n<!-- \/ Yoast SEO plugin. -->","yoast_head_json":{"title":"Sacerdotes y centros - Bas\u00edlica de la Concepci\u00f3n","robots":{"index":"index","follow":"follow","max-snippet":"max-snippet:-1","max-image-preview":"max-image-preview:large","max-video-preview":"max-video-preview:-1"},"canonical":"https:\/\/basilicaconcepcion.es\/index.php\/sacerdotes-y-centros\/","og_locale":"es_ES","og_type":"article","og_title":"Sacerdotes y centros - Bas\u00edlica de la Concepci\u00f3n","og_description":"SACERDOTESCENTROSColegio Inmaculada Concepci\u00f3nGeneral D\u00edaz Porlier, 25. 28001 MadridTel. 91 431 44 20 \/ Fax 91 578 29 34E-mail: cic@planalfa.esWeb: www.colegioinmaculadaconcepcion.org CAPELL\u00c1N COMUNIDADPP. Franciscanos De La Parroquia De San Antonio Del Retiro CAPELL\u00c1N COLEGIOD. Francisco Garv\u00eda D\u00edazRESIDENCIA UNIVERSIARIA TAGASTEGeneral Pardi\u00f1as, 34 Bis. 28001 MadridTel. 91 435 41 80 \/ Fax 91 577 38 54E-mail: tagaste@planalfa.esWeb: www.tagaste.com [&hellip;]","og_url":"https:\/\/basilicaconcepcion.es\/index.php\/sacerdotes-y-centros\/","og_site_name":"Bas\u00edlica de la Concepci\u00f3n","article_modified_time":"2024-11-09T15:35:40+00:00","twitter_card":"summary_large_image","twitter_misc":{"Tiempo de lectura":"4 minutos"},"schema":{"@context":"https:\/\/schema.org","@graph":[{"@type":"WebPage","@id":"https:\/\/basilicaconcepcion.es\/index.php\/sacerdotes-y-centros\/","url":"https:\/\/basilicaconcepcion.es\/index.php\/sacerdotes-y-centros\/","name":"Sacerdotes y centros - Bas\u00edlica de la Concepci\u00f3n","isPartOf":{"@id":"https:\/\/basilicaconcepcion.es\/#website"},"datePublished":"2024-03-18T12:33:56+00:00","dateModified":"2024-11-09T15:35:40+00:00","breadcrumb":{"@id":"https:\/\/basilicaconcepcion.es\/index.php\/sacerdotes-y-centros\/#breadcrumb"},"inLanguage":"es","potentialAction":[{"@type":"ReadAction","target":["https:\/\/basilicaconcepcion.es\/index.php\/sacerdotes-y-centros\/"]}]},{"@type":"BreadcrumbList","@id":"https:\/\/basilicaconcepcion.es\/index.php\/sacerdotes-y-centros\/#breadcrumb","itemListElement":[{"@type":"ListItem","position":1,"name":"Portada","item":"https:\/\/basilicaconcepcion.es\/"},{"@type":"ListItem","position":2,"name":"Sacerdotes y centros"}]},{"@type":"WebSite","@id":"https:\/\/basilicaconcepcion.es\/#website","url":"https:\/\/basilicaconcepcion.es\/","name":"Bas\u00edlica de la Concepci\u00f3n","description":"","potentialAction":[{"@type":"SearchAction","target":{"@type":"EntryPoint","urlTemplate":"https:\/\/basilicaconcepcion.es\/?s={search_term_string}"},"query-input":{"@type":"PropertyValueSpecification","valueRequired":true,"valueName":"search_term_string"}}],"inLanguage":"es"}]}},"_links":{"self":[{"href":"https:\/\/basilicaconcepcion.es\/index.php\/wp-json\/wp\/v2\/pages\/194","targetHints":{"allow":["GET"]}}],"collection":[{"href":"https:\/\/basilicaconcepcion.es\/index.php\/wp-json\/wp\/v2\/pages"}],"about":[{"href":"https:\/\/basilicaconcepcion.es\/index.php\/wp-json\/wp\/v2\/types\/page"}],"author":[{"embeddable":true,"href":"https:\/\/basilicaconcepcion.es\/index.php\/wp-json\/wp\/v2\/users\/2"}],"replies":[{"embeddable":true,"href":"https:\/\/basilicaconcepcion.es\/index.php\/wp-json\/wp\/v2\/comments?post=194"}],"version-history":[{"count":13,"href":"https:\/\/basilicaconcepcion.es\/index.php\/wp-json\/wp\/v2\/pages\/194\/revisions"}],"predecessor-version":[{"id":5368,"href":"https:\/\/basilicaconcepcion.es\/index.php\/wp-json\/wp\/v2\/pages\/194\/revisions\/5368"}],"wp:attachment":[{"href":"https:\/\/basilicaconcepcion.es\/index.php\/wp-json\/wp\/v2\/media?parent=194"}],"curies":[{"name":"wp","href":"https:\/\/api.w.org\/{rel}","templated":true}]}}